{"id":823,"date":"2020-05-06T14:35:37","date_gmt":"2020-05-06T14:35:37","guid":{"rendered":"http:\/\/stadthotel-buehnenhaus.com\/?page_id=823"},"modified":"2023-01-28T16:24:24","modified_gmt":"2023-01-28T16:24:24","slug":"unsere-gaeste","status":"publish","type":"page","link":"http:\/\/stadthotel-buehnenhaus.com\/?page_id=823","title":{"rendered":"Unsere G\u00e4ste"},"content":{"rendered":"\n<p><strong>Privatreisende\/\/ Gesch\u00e4ftsleute\/\/ Radfahrer \/\/ Flughafeng\u00e4ste \/\/ Gruppen \/\/ Familien<\/strong><\/p>\n\n\n\n<p>Planen Sie einen Kurztrip nach Kevelaer, besuchen Sie Freunde oder Familie oder interessieren Sie sich f\u00fcr das kulturelle Angebot der Stadt?<br>Unser Hotel Garni bietet Ihnen ruhige Einzel- und Doppelzimmer.<\/p>\n\n\n\n<p>Allgemeine Zimmerausstattung mit:<\/p>\n\n\n\n<ul class=\"wp-block-list\"><li>Badezimmer mit Dusche\/ WC<\/li><li>Flachbildfernseher mit 26 Programmen<\/li><li>Selbstwahltelefon<\/li><li>Radiowecker<\/li><li>F\u00f6n<\/li><li>kostenloses W-Lan<\/li><li>kostenlose Kaffee-und Teebar im Zimmer<\/li><li><\/li><\/ul>\n\n\n\n<p>F\u00fcr Raucher gibt es einen \u00fcberdachten Bereich im Hoteleingangsbereich.<\/p>\n\n\n\n<p>Hauseigene Parkpl\u00e4tze befinden sich in ausreichender Zahl direkt vor und neben dem Haus in idealer Verkehrsanbindung!<br>Unser reichhaltiges Fr\u00fchst\u00fccksbuffet steht Ihnen MO- FR<br>ab&nbsp;6:30 Uhr; SA-SO ab 7:30 Uhr zur Verf\u00fcgung; auf Anfrage bieten wir ein Lunchpaket zum Mitnehmen f\u00fcr die Fr\u00fchaufsteher an.<\/p>\n\n\n\n<p><strong><br><\/strong>ALS FAHRRADFREUNDLICHES HOTEL BIETEN WIR IHNEN FOLGENDEN SERVICE:<\/p>\n\n\n\n<ul class=\"wp-block-list\"><li>einen sicheren Unterstellplatz in der Garage<\/li><li>eine Trockenm\u00f6glichkeit f\u00fcr nasse Kleidung und Ausr\u00fcstung<\/li><li>Haben Sie eine Panne, die Sie nicht selbst beheben k\u00f6nnen, hilft Ihnen ein Zweiradh\u00e4ndler ganz in der N\u00e4he (5 Minuten zu Fu\u00df) gerne weiter.<\/li><li>Elektrofahrr\u00e4der k\u00f6nnen in der Fahrradgarage kostenlos aufgeladen werden.<\/li><\/ul>\n\n\n\n<p>Sprechen Sie uns einfach an.<\/p>\n\n\n\n<p>Sie nutzen das umfangreiche Angebot des AIRPORT WEEZE und m\u00f6chten Ihre An- und Abreisezeiten mit einer \u00dcbernachtung kombinieren?<\/p>\n\n\n\n<p>Wir bieten Ihnen die M\u00f6glichkeit:<\/p>\n\n\n\n<ul class=\"wp-block-list\"><li>der Sp\u00e4tanreise ab 20 Uhr per Keybox mit Zugangscode<\/li><li>Early Check-Out<\/li><li>f\u00fcr Ihr Fr\u00fchst\u00fcck vor 6:30 h ein buntes Lunchpaket zum Mitnehmen<\/li><li>Weckdienst rund um die Uhr<\/li><li>Organisation und Buchung von Transfer<\/li><li>Fu\u00dfentfernung von 5 Minuten zur Airport-Shuttle Haltestelle Antoniuskirche<\/li><\/ul>\n\n\n\n<p>Weitere Informationen zu \u00f6ffentlichen Transferm\u00f6glichkeiten erhalten Sie vor Ort.<\/p>\n\n\n\n<p>Wir freuen uns \u00fcber zahlreiche G\u00e4stegruppen, die uns das ganze Jahr hindurch besuchen.<br>Ob zum Pilgern im Wallfahrtsort Kevelaer, als sportlich aktiver Fahrradfahrer auf Entdeckungsreise am Niederrhein oder&nbsp;als Zwischenstopper&nbsp;um die An-oder Abreise zum\/ vom AIRPORT WEEZE mit einem \u00dcbernachtungsaufenthalt zu verbinden-<\/p>\n\n\n\n<p>SIE SIND HERZLICH WILLKOMMEN<\/p>\n\n\n\n<p>Preise gerne auf Anfrage.<\/p>\n\n\n\n<p>Interessant zu wissen f\u00fcr\u2026<\/p>\n\n\n\n<p>FAHRRADGRUPPEN:<br>Ihnen steht eine Garage zur sicheren Unterstellung Ihrer wertvollen Transportger\u00e4te zur Verf\u00fcgung.<\/p>\n\n\n\n<p><\/p>\n\n\n\n<p><\/p>\n","protected":false},"excerpt":{"rendered":"<p>Privatreisende\/\/ Gesch\u00e4ftsleute\/\/ Radfahrer \/\/ Flughafeng\u00e4ste \/\/ Gruppen \/\/ Familien Planen Sie einen Kurztrip nach Kevelaer, besuchen Sie Freunde oder Familie oder interessieren Sie sich f\u00fcr <\/p>\n<p><a href=\"http:\/\/stadthotel-buehnenhaus.com\/?page_id=823\" class=\"button2\">Mehr lesen &raquo;<\/a><\/p>\n","protected":false},"author":1,"featured_media":0,"parent":0,"menu_order":0,"comment_status":"closed","ping_status":"closed","template":"","meta":{"footnotes":""},"class_list":["post-823","page","type-page","status-publish","hentry"],"_links":{"self":[{"href":"http:\/\/stadthotel-buehnenhaus.com\/index.php?rest_route=\/wp\/v2\/pages\/823","targetHints":{"allow":["GET"]}}],"collection":[{"href":"http:\/\/stadthotel-buehnenhaus.com\/index.php?rest_route=\/wp\/v2\/pages"}],"about":[{"href":"http:\/\/stadthotel-buehnenhaus.com\/index.php?rest_route=\/wp\/v2\/types\/page"}],"author":[{"embeddable":true,"href":"http:\/\/stadthotel-buehnenhaus.com\/index.php?rest_route=\/wp\/v2\/users\/1"}],"replies":[{"embeddable":true,"href":"http:\/\/stadthotel-buehnenhaus.com\/index.php?rest_route=%2Fwp%2Fv2%2Fcomments&post=823"}],"version-history":[{"count":5,"href":"http:\/\/stadthotel-buehnenhaus.com\/index.php?rest_route=\/wp\/v2\/pages\/823\/revisions"}],"predecessor-version":[{"id":974,"href":"http:\/\/stadthotel-buehnenhaus.com\/index.php?rest_route=\/wp\/v2\/pages\/823\/revisions\/974"}],"wp:attachment":[{"href":"http:\/\/stadthotel-buehnenhaus.com\/index.php?rest_route=%2Fwp%2Fv2%2Fmedia&parent=823"}],"curies":[{"name":"wp","href":"https:\/\/api.w.org\/{rel}","templated":true}]}}