{"id":662,"date":"2019-04-23T07:09:18","date_gmt":"2019-04-23T07:09:18","guid":{"rendered":"http:\/\/stadthotel-buehnenhaus.com\/?page_id=662"},"modified":"2019-04-23T07:33:05","modified_gmt":"2019-04-23T07:33:05","slug":"unsere-hotellobby","status":"publish","type":"page","link":"http:\/\/stadthotel-buehnenhaus.com\/?page_id=662","title":{"rendered":"Unsere Hotellobby"},"content":{"rendered":"<h2><a href=\"http:\/\/stadthotel-buehnenhaus.com\/wp-content\/uploads\/2019\/04\/DSC_4817_klein.jpg\"><img loading=\"lazy\" decoding=\"async\" width=\"300\" height=\"200\" class=\"size-medium wp-image-663 aligncenter\" src=\"http:\/\/stadthotel-buehnenhaus.com\/wp-content\/uploads\/2019\/04\/DSC_4817_klein-300x200.jpg\" alt=\"\" srcset=\"http:\/\/stadthotel-buehnenhaus.com\/wp-content\/uploads\/2019\/04\/DSC_4817_klein-300x200.jpg 300w, http:\/\/stadthotel-buehnenhaus.com\/wp-content\/uploads\/2019\/04\/DSC_4817_klein-768x511.jpg 768w, http:\/\/stadthotel-buehnenhaus.com\/wp-content\/uploads\/2019\/04\/DSC_4817_klein-100x67.jpg 100w, http:\/\/stadthotel-buehnenhaus.com\/wp-content\/uploads\/2019\/04\/DSC_4817_klein-116x77.jpg 116w, http:\/\/stadthotel-buehnenhaus.com\/wp-content\/uploads\/2019\/04\/DSC_4817_klein.jpg 800w\" sizes=\"auto, (max-width: 300px) 100vw, 300px\" \/><\/a><a href=\"http:\/\/stadthotel-buehnenhaus.com\/wp-content\/uploads\/2019\/04\/DSC_4821_klein.jpg\"> Herzlich Willkommen<\/a><a href=\"http:\/\/stadthotel-buehnenhaus.com\/wp-content\/uploads\/2019\/04\/DSC_4814_klein.jpg\"><img loading=\"lazy\" decoding=\"async\" width=\"300\" height=\"200\" class=\"size-medium wp-image-665 alignleft\" src=\"http:\/\/stadthotel-buehnenhaus.com\/wp-content\/uploads\/2019\/04\/DSC_4814_klein-300x200.jpg\" alt=\"\" srcset=\"http:\/\/stadthotel-buehnenhaus.com\/wp-content\/uploads\/2019\/04\/DSC_4814_klein-300x200.jpg 300w, http:\/\/stadthotel-buehnenhaus.com\/wp-content\/uploads\/2019\/04\/DSC_4814_klein-768x511.jpg 768w, http:\/\/stadthotel-buehnenhaus.com\/wp-content\/uploads\/2019\/04\/DSC_4814_klein-100x67.jpg 100w, http:\/\/stadthotel-buehnenhaus.com\/wp-content\/uploads\/2019\/04\/DSC_4814_klein-116x77.jpg 116w, http:\/\/stadthotel-buehnenhaus.com\/wp-content\/uploads\/2019\/04\/DSC_4814_klein.jpg 800w\" sizes=\"auto, (max-width: 300px) 100vw, 300px\" \/><\/a><a href=\"http:\/\/stadthotel-buehnenhaus.com\/wp-content\/uploads\/2019\/04\/DSC_4815_klein.jpg\"><img loading=\"lazy\" decoding=\"async\" width=\"300\" height=\"200\" class=\"size-medium wp-image-664 alignright\" src=\"http:\/\/stadthotel-buehnenhaus.com\/wp-content\/uploads\/2019\/04\/DSC_4815_klein-300x200.jpg\" alt=\"\" srcset=\"http:\/\/stadthotel-buehnenhaus.com\/wp-content\/uploads\/2019\/04\/DSC_4815_klein-300x200.jpg 300w, http:\/\/stadthotel-buehnenhaus.com\/wp-content\/uploads\/2019\/04\/DSC_4815_klein-768x511.jpg 768w, http:\/\/stadthotel-buehnenhaus.com\/wp-content\/uploads\/2019\/04\/DSC_4815_klein-100x67.jpg 100w, http:\/\/stadthotel-buehnenhaus.com\/wp-content\/uploads\/2019\/04\/DSC_4815_klein-116x77.jpg 116w, http:\/\/stadthotel-buehnenhaus.com\/wp-content\/uploads\/2019\/04\/DSC_4815_klein.jpg 800w\" sizes=\"auto, (max-width: 300px) 100vw, 300px\" \/><\/a><\/h2>\n<h3>Genie\u00dfen Sie in unserer Lobby gem\u00fctlich einen Kaffee,<\/h3>\n<h3>lesen in Ihrer Zeitung oder<\/h3>\n<h3>f\u00fchren Sie nette Gespr\u00e4che.<\/h3>\n<p>&nbsp;<\/p>\n<p>&nbsp;<\/p>\n<p>Das w\u00f6chentlich wechselnde Zeitungsprogramm liegt im Durchgang zu den Zimmern f\u00fcr Sie bereit!<a href=\"http:\/\/stadthotel-buehnenhaus.com\/wp-content\/uploads\/2019\/04\/DSC_4821_klein.jpg\"><img loading=\"lazy\" decoding=\"async\" width=\"300\" height=\"200\" class=\"alignnone size-medium wp-image-666\" src=\"http:\/\/stadthotel-buehnenhaus.com\/wp-content\/uploads\/2019\/04\/DSC_4821_klein-300x200.jpg\" alt=\"\" srcset=\"http:\/\/stadthotel-buehnenhaus.com\/wp-content\/uploads\/2019\/04\/DSC_4821_klein-300x200.jpg 300w, http:\/\/stadthotel-buehnenhaus.com\/wp-content\/uploads\/2019\/04\/DSC_4821_klein-768x511.jpg 768w, http:\/\/stadthotel-buehnenhaus.com\/wp-content\/uploads\/2019\/04\/DSC_4821_klein-100x67.jpg 100w, http:\/\/stadthotel-buehnenhaus.com\/wp-content\/uploads\/2019\/04\/DSC_4821_klein-116x77.jpg 116w, http:\/\/stadthotel-buehnenhaus.com\/wp-content\/uploads\/2019\/04\/DSC_4821_klein.jpg 800w\" sizes=\"auto, (max-width: 300px) 100vw, 300px\" \/><\/a><\/p>\n<p>&nbsp;<\/p>\n","protected":false},"excerpt":{"rendered":"<p>Herzlich Willkommen Genie\u00dfen Sie in unserer Lobby gem\u00fctlich einen Kaffee, lesen in Ihrer Zeitung oder f\u00fchren Sie nette Gespr\u00e4che. &nbsp; &nbsp; Das w\u00f6chentlich wechselnde Zeitungsprogramm <\/p>\n<p><a href=\"http:\/\/stadthotel-buehnenhaus.com\/?page_id=662\" class=\"button2\">Mehr lesen &raquo;<\/a><\/p>\n","protected":false},"author":2,"featured_media":0,"parent":63,"menu_order":2,"comment_status":"closed","ping_status":"closed","template":"","meta":{"footnotes":""},"class_list":["post-662","page","type-page","status-publish","hentry"],"_links":{"self":[{"href":"http:\/\/stadthotel-buehnenhaus.com\/index.php?rest_route=\/wp\/v2\/pages\/662","targetHints":{"allow":["GET"]}}],"collection":[{"href":"http:\/\/stadthotel-buehnenhaus.com\/index.php?rest_route=\/wp\/v2\/pages"}],"about":[{"href":"http:\/\/stadthotel-buehnenhaus.com\/index.php?rest_route=\/wp\/v2\/types\/page"}],"author":[{"embeddable":true,"href":"http:\/\/stadthotel-buehnenhaus.com\/index.php?rest_route=\/wp\/v2\/users\/2"}],"replies":[{"embeddable":true,"href":"http:\/\/stadthotel-buehnenhaus.com\/index.php?rest_route=%2Fwp%2Fv2%2Fcomments&post=662"}],"version-history":[{"count":3,"href":"http:\/\/stadthotel-buehnenhaus.com\/index.php?rest_route=\/wp\/v2\/pages\/662\/revisions"}],"predecessor-version":[{"id":678,"href":"http:\/\/stadthotel-buehnenhaus.com\/index.php?rest_route=\/wp\/v2\/pages\/662\/revisions\/678"}],"up":[{"embeddable":true,"href":"http:\/\/stadthotel-buehnenhaus.com\/index.php?rest_route=\/wp\/v2\/pages\/63"}],"wp:attachment":[{"href":"http:\/\/stadthotel-buehnenhaus.com\/index.php?rest_route=%2Fwp%2Fv2%2Fmedia&parent=662"}],"curies":[{"name":"wp","href":"https:\/\/api.w.org\/{rel}","templated":true}]}}