{"id":63,"date":"2015-10-09T21:00:39","date_gmt":"2015-10-09T21:00:39","guid":{"rendered":"http:\/\/www.stadthotel-buehnenhaus.com\/?page_id=62"},"modified":"2026-01-27T11:11:24","modified_gmt":"2026-01-27T11:11:24","slug":"unsere-zimmer","status":"publish","type":"page","link":"http:\/\/stadthotel-buehnenhaus.com\/?page_id=63","title":{"rendered":"Unsere Zimmer"},"content":{"rendered":"<h2>Preise<\/h2>\n<table style=\"height: 209px;\" border=\"0\" width=\"449\" cellspacing=\"0\" cellpadding=\"4\">\n<tbody>\n<tr>\n<td><\/td>\n<td width=\"120\" height=\"30\">inkl. Fr\u00fchst\u00fcck<\/td>\n<td width=\"120\">exkl. Fr\u00fchst\u00fcck<\/td>\n<\/tr>\n<tr>\n<td bgcolor=\"#e0e0e0\">Einzelzimmer<\/td>\n<td bgcolor=\"#e0e0e0\">65,00 EUR<\/td>\n<td bgcolor=\"#e0e0e0\">56,50EUR<\/td>\n<\/tr>\n<tr>\n<td>Doppel- oder Twinbettzimmer<\/p>\n<p>DZ\/TW zur Einzelnutzung<\/td>\n<td>92,00 EUR<\/p>\n<p>&nbsp;<\/p>\n<p>79,00 EUR<\/td>\n<td>75,00 EUR<\/p>\n<p>&nbsp;<\/p>\n<p>70,50 EUR<\/td>\n<\/tr>\n<tr>\n<td bgcolor=\"#e0e0e0\">Dreibettzimmer<\/td>\n<td bgcolor=\"#e0e0e0\">120,00 EUR<\/td>\n<td bgcolor=\"#e0e0e0\">94,50 EUR<\/td>\n<\/tr>\n<tr>\n<td>Studio f\u00fcr 3 Personen mit K\u00fcchenzeile<\/td>\n<td>120,00 EUR<\/td>\n<td>94,50 EUR<\/td>\n<\/tr>\n<tr>\n<td style=\"vertical-align: middle;\" bgcolor=\"#e0e0e0\">Ferienwohnung<\/td>\n<td style=\"text-align: left;\" colspan=\"2\" bgcolor=\"#e0e0e0\">149,00 EUR (Belegung 5 Personen)<\/p>\n<p>135,00 EUR\u00a0 4 Pers.\u00a0 \u00a0 \u00a0 \u00a0 \u00a0 \u00a0 \u00a0 \u00a0 \u00a0 \u00a0 \u00a0\u00a0 \u00a0 \u00a0 121,00 EUR\u00a0 3 Pers.\u00a0 \u00a0 \u00a0 \u00a0 \u00a0 \u00a0 \u00a0 \u00a0 \u00a0 \u00a0 \u00a0 \u00a0 \u00a0\u00a0 110,00 EUR 2 Pers.\u00a0 \u00a0 \u00a0 \u00a0 \u00a0 \u00a0 \u00a0 \u00a0 \u00a0 \u00a0 \u00a0 \u00a0 \u00a0 \u00a0 \u00a0 \u00a0 \u00a075,00 EUR 1 Pers.<\/p>\n<p>ohne Fr\u00fchst\u00fcck!<\/td>\n<\/tr>\n<\/tbody>\n<\/table>\n<p>Alle Preise verstehen sich pro Zimmer inklusive inklusive 19% MwSt . Kinder bis zu 2 Jahren schlafen kostenlos im Babybett, Kinder bis zu 6 Jahren schlafen kostenlos in einem bestehenden Bett ( z.B.der Eltern) mit.<\/p>\n<p><strong>Haustiere sind nicht gestattet.<\/strong><\/p>\n<p><strong>EXTRABETTEN<\/strong><br \/>\nWir bitten um gezielte Anfrage, da Extrabetten nicht in allen Zimmern m\u00f6glich sind.<\/p>\n<p><strong><br \/>\nKostenlose Stornierung:<\/strong><strong><br \/>\n<\/strong>bis 12:00 Uhr des Anreisetages m\u00f6glich<strong><br \/>\nanschlie\u00dfend werden 90% des Betrages f\u00fcr die 1. \u00dcbernachtung f\u00e4llig<\/strong><\/p>\n","protected":false},"excerpt":{"rendered":"<p>Preise inkl. Fr\u00fchst\u00fcck exkl. Fr\u00fchst\u00fcck Einzelzimmer 65,00 EUR 56,50EUR Doppel- oder Twinbettzimmer DZ\/TW zur Einzelnutzung 92,00 EUR &nbsp; 79,00 EUR 75,00 EUR &nbsp; 70,50 EUR <\/p>\n<p><a href=\"http:\/\/stadthotel-buehnenhaus.com\/?page_id=63\" class=\"button2\">Mehr lesen &raquo;<\/a><\/p>\n","protected":false},"author":1,"featured_media":0,"parent":0,"menu_order":0,"comment_status":"closed","ping_status":"closed","template":"template-accommodation.php","meta":{"footnotes":""},"class_list":["post-63","page","type-page","status-publish","hentry"],"_links":{"self":[{"href":"http:\/\/stadthotel-buehnenhaus.com\/index.php?rest_route=\/wp\/v2\/pages\/63","targetHints":{"allow":["GET"]}}],"collection":[{"href":"http:\/\/stadthotel-buehnenhaus.com\/index.php?rest_route=\/wp\/v2\/pages"}],"about":[{"href":"http:\/\/stadthotel-buehnenhaus.com\/index.php?rest_route=\/wp\/v2\/types\/page"}],"author":[{"embeddable":true,"href":"http:\/\/stadthotel-buehnenhaus.com\/index.php?rest_route=\/wp\/v2\/users\/1"}],"replies":[{"embeddable":true,"href":"http:\/\/stadthotel-buehnenhaus.com\/index.php?rest_route=%2Fwp%2Fv2%2Fcomments&post=63"}],"version-history":[{"count":30,"href":"http:\/\/stadthotel-buehnenhaus.com\/index.php?rest_route=\/wp\/v2\/pages\/63\/revisions"}],"predecessor-version":[{"id":1027,"href":"http:\/\/stadthotel-buehnenhaus.com\/index.php?rest_route=\/wp\/v2\/pages\/63\/revisions\/1027"}],"wp:attachment":[{"href":"http:\/\/stadthotel-buehnenhaus.com\/index.php?rest_route=%2Fwp%2Fv2%2Fmedia&parent=63"}],"curies":[{"name":"wp","href":"https:\/\/api.w.org\/{rel}","templated":true}]}}