{"id":378,"date":"2016-02-18T13:47:43","date_gmt":"2016-02-18T13:47:43","guid":{"rendered":"http:\/\/stadthotel-buehnenhaus.com\/?page_id=378"},"modified":"2025-11-17T10:19:23","modified_gmt":"2025-11-17T10:19:23","slug":"allgemeine-geschaeftsbedingungen","status":"publish","type":"page","link":"http:\/\/stadthotel-buehnenhaus.com\/?page_id=378","title":{"rendered":"Allgemeine Gesch\u00e4ftsbedingungen"},"content":{"rendered":"<p><strong><u>Allgemeine Gesch\u00e4ftsbedingungen:<\/u><\/strong><\/p>\n<p><u>Geltungsbereich:<\/u><\/p>\n<ol>\n<li>Diese Gesch\u00e4ftsbedingungen gelten f\u00fcr Vertr\u00e4ge \u00fcber die mietweise \u00dcberlassung von Zimmern zur Beherbergung.<\/li>\n<li>Die Unter- oder Weitervermietung der \u00fcberlassenen Zimmer, sowie deren Nutzung zu anderen Beherbergungszwecken bed\u00fcrfen der vorherigen Zustimmung des Hotels.<\/li>\n<\/ol>\n<p><u>Vertragsabschluss, Vertragspartner, Verj\u00e4hrung:<\/u><\/p>\n<ol>\n<li>Der Gastaufnahmevertrag ist abgeschlossen, sobald das Zimmer reserviert und vom Hotel zugesagt wurde. Dem Hotel steht es frei die Buchung schriftlich zu best\u00e4tigen.<\/li>\n<li>Vertragspartner sind Hotel und Kunde. Hat ein dritter f\u00fcr den Kunden bestellt, haftet dieser gegen\u00fcber dem Hotel.<\/li>\n<li>Alle Anspr\u00fcche gegen\u00fcber dem Hotel verj\u00e4hren grunds\u00e4tzlich in einem Jahr ab dem gesetzlichen Verj\u00e4hrungsbeginn.<\/li>\n<\/ol>\n<p><u>Leistungen, Preise, Zahlungen und Aufrechnung:<\/u><\/p>\n<ol>\n<li>Das Hotel ist verpflichtet die Zimmer entsprechend der Reservierung bereitzustellen.<\/li>\n<li>Der Kunde\/Gast ist verpflichtet den Preis f\u00fcr den Zeitraum der Reservierung des Zimmers zu bezahlen.<\/li>\n<li>Das Hotel kann seine Zustimmung zu einer vom Kunden gew\u00fcnschten nachtr\u00e4glichen Verringerung der Anzahl der gebuchten Zimmer, der Leistung des Hotels oder der Aufenthaltsdauer des Kunden davon abh\u00e4ngig machen, dass sich der Preis f\u00fcr die Zimmer oder die Leistungen erh\u00f6ht.<\/li>\n<li>Rechnungen des Hotels sind ohne F\u00e4lligkeitsdatum binnen 14 Tagen ab Zugang der Rechnung ohne Abzug zahlbar.<\/li>\n<li>Bei Zahlungsverzug ist das Hotel berechtigt, die geltenden gesetzlichen Verzugszinsen zu verlangen.<\/li>\n<li>Das Hotel ist berechtigt, zu Beginn oder w\u00e4hrend des Aufenthaltes vom Kunden eine angemessene Vorauszahlung oder Sicherheitsleistung zu verlangen.<\/li>\n<li>\u00c4nderungen des Mehrwertsteuersatzes gehen unbeachtet des Zeitpunktes des Vertragsabschlusses zu Lasten des Auftraggebers.<\/li>\n<\/ol>\n<p><u>Stornierung oder Nichtinanspruchnahme (No Show):<\/u><\/p>\n<ol>\n<li>Ein R\u00fccktritt des Kunden bedarf der Zustimmung des Hotels.<\/li>\n<li>Ein Zimmer kann bis 18 Uhr am Vorabend kostenlos storniert werden. Nach 18:00 Uhr werden dem Kunden 100 % der bestellten Leistung in Rechnung gestellt. Bei Gruppenbuchungen gelten zus\u00e4tzliche Bestimmungen.<\/li>\n<li>Bei Nichtinanspruchnahme ist der Gast verpflichtet den vereinbarten oder betriebs\u00fcblichen Preis zu zahlen, abz\u00fcglich der vom Hotelier ersparten Aufwendungen, ohne das es auf den Grund der Verhinderung ankommt.<\/li>\n<li>Der Hotelier ist nach Treu und Glauben gehalten, nicht in Anspruch genommene Zimmer nach M\u00f6glichkeit anderweitig zu vergeben um Ausf\u00e4lle zu vermeiden.<\/li>\n<\/ol>\n<p><u>R\u00fccktritt des Hotels:<\/u><\/p>\n<ol>\n<li>Das Hotel ist berechtigt, aus sachlich gerechtfertigtem Grund vom Vertrag au\u00dferordentlich zur\u00fcckzutreten, beispielsweise falls:<\/li>\n<\/ol>\n<ul>\n<li>H\u00f6here Gewalt oder andere vom Hotel nicht zu vertretende Umst\u00e4nde die Erf\u00fcllung des Vertrages unm\u00f6glich machen<\/li>\n<li>Zimmer schuldhaft irref\u00fchrend oder unter falschen Angaben gebucht werden<\/li>\n<li>Das Hotel begr\u00fcndeten Anlass zu der Annahme hat, dass die Inanspruchnahme der Leistung den reibungslosen Gesch\u00e4ftsbetrieb, die Sicherheit oder das Ansehen des Hotel gef\u00e4hrdet<\/li>\n<\/ul>\n<ol start=\"2\">\n<li>Bei berechtigtem R\u00fccktritt des Hotels entsteht kein Anspruch des Kunden auf Schadensersatz.<\/li>\n<\/ol>\n<p><u>Zimmerbereitstellung, -\u00dcbergabe und \u2013R\u00fcckgabe:<\/u><\/p>\n<ol>\n<li>Der Gast erwirbt keinen Anspruch auf die Bereitstellung bestimmter Zimmer oder R\u00e4umlichkeiten.<\/li>\n<li>Gebuchte Zimmer stehen dem Gast ab 14:00 Uhr zur Verf\u00fcgung.<\/li>\n<li>Am Abreisetag sind die Zimmer sp\u00e4testens um 11:00 Uhr wieder zur Verf\u00fcgung zu stellen.<br \/>\nEine sp\u00e4tere Abreise ist nach R\u00fccksprache mit dem Hotel gegen Aufschlag m\u00f6glich.<\/li>\n<li>Sofern nicht ausdr\u00fccklich eine sp\u00e4tere Ankunftszeit vereinbart wurde, beh\u00e4lt sich der Hotelier das Recht, bestellte Zimmer nach 18:00 Uhr anderweitig zu vergeben.<\/li>\n<\/ol>\n<p><u>Haftung des Hotels:<\/u><\/p>\n<ol>\n<li>Das Hotel haftet f\u00fcr seine Verpflichtungen aus dem Vertrag. Anspr\u00fcche des Kunden auf Schadensersatz sind ausgeschlossen, ausgenommen sind Sch\u00e4den aus der Verletzung des Lebens, des K\u00f6rpers und der Gesundheit.<\/li>\n<li>Der Kunde ist verpflichtet, dass Ihm Zumutbare beizutragen um von ihm genannte St\u00f6rungen oder M\u00e4ngel zu beseitigen.<\/li>\n<li>Wird dem Kunden ein Stellplatz f\u00fcr sein Fahrzeug zur Verf\u00fcgung gestellt kommt dadurch kein Verwahrungsvertrag zustande. Das Hotel haftet nicht bei Abhandenkommen oder Besch\u00e4digungen des Fahrzeuges auf dem Hotelgrundst\u00fcck.<\/li>\n<\/ol>\n<p>&nbsp;<\/p>\n<p>-&gt; F\u00fcr Gruppenreservierungen gelten zus\u00e4tzlich die vertraglichen Vereinbarungen des Kontingentvertrages.<\/p>\n","protected":false},"excerpt":{"rendered":"<p>Allgemeine Gesch\u00e4ftsbedingungen: Geltungsbereich: Diese Gesch\u00e4ftsbedingungen gelten f\u00fcr Vertr\u00e4ge \u00fcber die mietweise \u00dcberlassung von Zimmern zur Beherbergung. Die Unter- oder Weitervermietung der \u00fcberlassenen Zimmer, sowie deren <\/p>\n<p><a href=\"http:\/\/stadthotel-buehnenhaus.com\/?page_id=378\" class=\"button2\">Mehr lesen &raquo;<\/a><\/p>\n","protected":false},"author":2,"featured_media":0,"parent":0,"menu_order":0,"comment_status":"closed","ping_status":"closed","template":"","meta":{"footnotes":""},"class_list":["post-378","page","type-page","status-publish","hentry"],"_links":{"self":[{"href":"http:\/\/stadthotel-buehnenhaus.com\/index.php?rest_route=\/wp\/v2\/pages\/378","targetHints":{"allow":["GET"]}}],"collection":[{"href":"http:\/\/stadthotel-buehnenhaus.com\/index.php?rest_route=\/wp\/v2\/pages"}],"about":[{"href":"http:\/\/stadthotel-buehnenhaus.com\/index.php?rest_route=\/wp\/v2\/types\/page"}],"author":[{"embeddable":true,"href":"http:\/\/stadthotel-buehnenhaus.com\/index.php?rest_route=\/wp\/v2\/users\/2"}],"replies":[{"embeddable":true,"href":"http:\/\/stadthotel-buehnenhaus.com\/index.php?rest_route=%2Fwp%2Fv2%2Fcomments&post=378"}],"version-history":[{"count":4,"href":"http:\/\/stadthotel-buehnenhaus.com\/index.php?rest_route=\/wp\/v2\/pages\/378\/revisions"}],"predecessor-version":[{"id":1023,"href":"http:\/\/stadthotel-buehnenhaus.com\/index.php?rest_route=\/wp\/v2\/pages\/378\/revisions\/1023"}],"wp:attachment":[{"href":"http:\/\/stadthotel-buehnenhaus.com\/index.php?rest_route=%2Fwp%2Fv2%2Fmedia&parent=378"}],"curies":[{"name":"wp","href":"https:\/\/api.w.org\/{rel}","templated":true}]}}