{"id":18,"date":"2015-09-17T06:11:25","date_gmt":"2015-09-17T06:11:25","guid":{"rendered":"http:\/\/www.stadthotel-buehnenhaus.com\/?page_id=18"},"modified":"2020-05-07T09:45:29","modified_gmt":"2020-05-07T09:45:29","slug":"bewertungen","status":"publish","type":"page","link":"http:\/\/stadthotel-buehnenhaus.com\/?page_id=18","title":{"rendered":"Bewertungen"},"content":{"rendered":"<table id=\"ratingTable\">\n<tbody>\n<tr>\n<td><script src=\"https:\/\/www.holidaycheck.de\/widgets?step=code&type=code&options=hotel-1-115765-de_DE-s-b-1-1---0\" type=\"text\/javascript\"><\/script>\r\n<div id=\"holidaycheck-widget-hotel-1-115765-de_DE-s-b-1-1---0\">\r\n\t<div id=\"holidaycheck_widget_placeholder-115765\" style=\"width:120px;padding:5px;background:#0058a2;\">\r\n\t\t<a href=\"https:\/\/www.holidaycheck.de\/hi\/stadthotel-am-buehnenhaus\/3e034f5c-e185-340f-ab7f-69bc1f14751a\">\r\n\t\t\t<img decoding=\"async\" alt=\"Hotels mit Hotelbewertungen bei HolidayCheck\" src=\"https:\/\/www.holidaycheck.de\/widgets\/logo_xlarge.png\" border=\"0\">\r\n\t\t<\/a>\r\n\t<\/div>\r\n<\/div><\/td>\n<td><\/td>\n<td><script>\r\n    (function() {\r\n        var randomId = Math.floor(Math.random() * 100000);\r\n        var targetElemId = 'bcom_rwidget_' + randomId;\r\n        document.write('<div id=\"' + targetElemId + '\"><\/div>');\r\n        var script   = document.createElement('script');\r\n        script.type  = 'text\/javascript';\r\n        script.async = true;\r\n        script.src   = 'http:\/\/www.booking.com\/review_widget\/de\/am-buhnenhaus.de.html?tmpl=review_widget\/review_widget&wid=' + targetElemId + '&wtype=box_big_feat&hotel_id=63591&widget_language=de';\r\n        var node     = document.getElementsByTagName('script')[0];\r\n        node.parentNode.insertBefore(script, node);\r\n    }());\r\n    <\/script><\/td>\n<\/tr>\n<\/tbody>\n<\/table>\n<p><em><strong><span style=\"color: #99cc00;\">&#8230; lesen Sie hier einige Bewertungen, die G\u00e4ste auf unserer Booking.com Seite geschrieben haben&#8230;<\/span><\/strong><\/em><\/p>\n<ul>\n<li><span class=\"gr-review-card__comment-title\">Top &#8211; empfehlenswert<\/span>\n<div>\n<div class=\"gr-review-card__comment-item\"><span class=\"gr-review-card__comment-text\">Sehr zuvorkommende Mitarbeiterin, hilfsbereit. Sehr sauber, neu renoviertes Duschbad. Alles vorhanden, was man f\u00fcr einen Kurztrip ben\u00f6tigt. <\/span><\/div>\n<\/div>\n<p><span class=\"gr-review-card__comment-text\">Ich konnte nichts negatives finden. Corona-Zeiten erfordern Ma\u00dfnahmen, die manches einschr\u00e4nken, aber das ist nichts Negatives, was man der Unterkunft zuschreiben kann. <\/span><\/li>\n<li><\/li>\n<li>\n<div>\n<div class=\"gr-review-card__comment-item\"><span class=\"gr-review-card__comment-text\">Sehr gutes Preis-Leistungsverh\u00e4ltnis. Hotel war sauber in zentraler und ruhiger Lage in Kevelear. Ich mag es wenn ein Hotel eine Tee-und Kaffezubereitung parat h\u00e4lt. Allerdings wurde diese am zweiten Tag nicht aufgef\u00fcllt.<\/span><\/div>\n<\/div>\n<div>\n<div class=\"gr-review-card__comment-item\"><span class=\"gr-review-card__comment-text\">Ich habe nichts zu beanstanden.<\/span><\/div>\n<\/div>\n<\/li>\n<li><\/li>\n<li>\n<div>\n<div class=\"gr-review-card__comment-item\"><span class=\"gr-review-card__comment-text\">Personal war sehr nett und zuvorkommend. Auch G\u00e4ste, die nicht im Hotel \u00fcbernachtet haben, konnten mit uns kosteng\u00fcnstig fr\u00fchst\u00fccken. <\/span><\/div>\n<\/div>\n<div>\n<div class=\"gr-review-card__comment-item\"><span class=\"gr-review-card__comment-text\">Bad ist schon in die Jahre gekommen.<\/span><\/div>\n<div><\/div>\n<\/div>\n<\/li>\n<li><span class=\"gr-review-card__comment-text\">Sehr freundliche und zuvorkommende Inhaberin. Sehr gutes Fr\u00fchst\u00fcck. Die Lage ist ruhig und dennoch sehr zentral.<\/span><\/li>\n<li><\/li>\n<li class=\"plus\">Das Haus hat eine nette pers\u00f6nliche Note. Die Farbe Rot zieht sich durch das Geb\u00e4ude. Geschmackvolle Deko und Bilder. Das Fr\u00fchst\u00fcck war sehr gut und abwechslungsreich. H\u00fcbsche Au\u00dfenbestuhlung. Optimale Lage. Das Bad ist in die Jahre gekommen, aber sauber. Immerhin gibt es eine Dusche und keine Badewanne. Keine Mischbatterie am Waschbecken<\/li>\n<li class=\"bui_font_heading margin-bottom-sm\">Es war sehr sch\u00f6n, wir werden auf jeden Fall wiederkommen.<\/li>\n<li><\/li>\n<li class=\"plus\">Rooms were dated but clean. There is no lift available. Breakfast was good and staff were friendly. No lift, dated rooms<\/li>\n<li class=\"plus\"><\/li>\n<li>Das Hotel wurde kurzfristig von uns gebucht, es ging alles reibungslos \u00fcber die B\u00fchne. Beim Einchecken waren wir von der Freundlichkeit des Personals sofort angetan. Sehr f\u00fcrsorglich, tolles Team. Lage sch\u00f6n, Fr\u00fchst\u00fcck gut, vielleicht etwas mehr Auswahl, aber das ist schon Jammern auf hohem Niveau (liegt vielleicht daran, das ich ein Fr\u00fchst\u00fccksmensch bin \ud83d\ude09 Sch\u00f6n angelegte kleine Aussenterrasse, Sitzgelegenheiten so angerichtet, das man dem Nachbarn nicht auf den Teller guckt. Taxiifahrten f\u00fcr Hin-und R\u00fcckkehr wurden organisiert.<\/li>\n<li><\/li>\n<li class=\"plus\">Top Lage, 5 Minuten zur City. \u00dcberaus freundlicher und hilfsbereiter Chef. Super Fr\u00fchst\u00fcck in freundlicher Atmosph\u00e4re. Wir kommen gerne wieder.\u00a0\u00a0\u00a0\u00a0\u00a0 Keine Beanstandungen<\/li>\n<li class=\"bui_font_heading margin-bottom-sm\">Als Wallfahrer ist man hier sehr gut aufgehoben.<\/li>\n<li><\/li>\n<li class=\"bui_font_heading margin-bottom-sm\">Sehr gute Lage, ganz tolles, freundliches Personal. Wir kommen gerne wieder.<\/li>\n<li class=\"plus\"><\/li>\n<li>Herzlicher Empfang nach ca 100km Radtour. E-Bikes konnten in Garage sicher untergestellt werden. Zimmer im Erdgeschoss. Ausreichend gro\u00df. Bad etwas klein aber sauber. Fr\u00fchst\u00fcck sehr umfangreich. Personal sehr freundlich<\/li>\n<li class=\"bui_font_heading margin-bottom-sm\">Sehr empfehlenswertes Hotel.<\/li>\n<li class=\"plus\"><\/li>\n<li>Zweckm\u00e4\u00dfiges Zimmer, sehr sauber, sehr gutes Fr\u00fchst\u00fcck mit frischem R\u00fchrei auf Wunsch, alles in allem sehr gutes Preis-\/Leistungsverh\u00e4ltnis, sehr zu empfehlen.<\/li>\n<li>Wir wurden wieder einmal sehr freundlich empfangen und f\u00fchlten uns gleich sehr willkommen! Die Zimmer sind zwar einfach, aber mit allem was man ben\u00f6tigt gut ausgestattet. Das Hotel , wie nat\u00fcrlich auch die Zimmer sind sehr sauber. Vor und ums Haus herum laden verschiedene Sitzm\u00f6glichkeiten zum Verweilen ein&#8230; so haben wir es z.B.als sehr angenehm empfunden am sp\u00e4ten Abend noch ein bisschen den lauen Sommerabend ausklingen zu lassen. Das FR\u00dcHST\u00dcCK ist f\u00fcr nur 6Euro zubuchbar und l\u00e4sst keine W\u00fcnsche offen&#8230; einfach toll !!!<\/li>\n<li><\/li>\n<li class=\"bui_font_heading margin-bottom-sm\">Sehr angenehm. Das Fr\u00fchst\u00fcck war sehr gut,das Personal sehr freundlich und zu vor kommend.<\/li>\n<li><\/li>\n<li class=\"bui_font_heading margin-bottom-sm\">Wunderbar, hier kann man gut noch einmal hin kommen. Sehr freundliches Personal, gutes und reichhaltiges Fr\u00fchst\u00fcck. Gro\u00dfes und ger\u00e4umiges Zimmer. Perfekte Lage inmitten der Stadt, ausreichend Parkpl\u00e4tze vorhanden. Die Ausstattung im Bad war schon in die Jahre gekommen. Es war zwar alles heil und nutzbar, aber eben alt. Die Silikonfugen k\u00f6nnten mal aufgefrischt werden.<\/li>\n<li><\/li>\n<li>Prima hotel voor een verblijf in Kevelaer of nabij Weeze luchthaven.<br \/>\nFijne locatie, vlakbij het centrum van Kevelaer, goed ontbijt voor slechts EUR 6. Fijne kamer met goede bedden, alles netjes en schoon. Waterkoker aanwezig, zodat je een kop koffie\/thee kan maken en goede f\u00f6hn in de badkamer. Er is ook een terras waar we door de hevige regenbui helaas geen gebruik van hebben kunnen maken. Je kunt makkelijk parkeren op het eigen terrein van het hotel.<br \/>\nDe kamers zijn wat gehorig en er is geen kluisje of koelkast in de kamer, maar voor een hotel in deze categorie is dat in orde lijkt me.<\/li>\n<li><\/li>\n<li class=\"plus\">Unterkunft super zentral gelegen und sehr sauber, sehr freundlicher und hilfsbereiter Empfang. Matratzen recht weich und Besucherritze. Kopfteil Beleuchtung verhinderte Anlehnen<\/li>\n<li><\/li>\n<li>We\u2019ve stayed here several times and always find it spotlessly clean and great value for money. Staff are welcoming and friendly. The location is great- a short walk takes you into town and Kevelaer is handy for Weeze airport.<\/li>\n<li><\/li>\n<li class=\"plus\">Unterkunft super zentral gelegen und sehr sauber, sehr freundlicher und hilfsbereiter Empfang<\/li>\n<li><\/li>\n<li>Die gute Lage. Der Hotelparkplatz direkt am Haus. Gute Kommunikation. Sehr freundliche Mitarbeiter. Fliegengitter und Rolll\u00e4den an den Fenstern. Der Snackautomat im Foyer.<\/li>\n<li><\/li>\n<li>Sehr freundliches und hilfsbereite Mitarbeiter. Das Fr\u00fchst\u00fcck war zur vollen Zufriedenheit Zimmer einfach aber sauber und gepflegt<\/li>\n<li><\/li>\n<li>Beim Check in w\u00fcrden wir sehr freundlich empfangen und die Frage, ob wir evtl. sp\u00e4ter auschecken k\u00f6nnen wurde positiv beantwortet. Das Zimmer war sehr sauber und es gab ein kleine Flasche Wasser als Willkommensgru\u00df. Das Fr\u00fchst\u00fcck war umfangreich, es wurde gefragt, ob wir R\u00fchrei m\u00f6chten, das wurde dann frisch f\u00fcr uns zubereitet<\/li>\n<li><\/li>\n<li>War gesch\u00e4ftlich in Kevelaer. Da ich Sp\u00e4tanreisende war habe ich eine Schl\u00fcsselbox mit Code per Mail zugwiesen bekommen, dies hat reibungslos funktioniert. Der Wasserkocher mit Tee- und Kaffeeauswahl auf dem Zimmer war f\u00fcr mich als Sp\u00e4tanreisende bei nassem und st\u00fcrmischen Wetter ideal und auch das kleine Schildchen an der Wasserflasche mit &#8222;herzlich willkommen&#8220; zeigt das hier Leute mit Herz arbeiten und sehr an den G\u00e4sten gelegen ist. Das Fr\u00fchst\u00fcck war sehr gut und ausreichend, Die Lage perfekt, 5 Minuten zu Fu\u00df zum Bahnhof und Seminarort.<\/li>\n<\/ul>\n<p>&#8230; weitere Bewertungen finden Sie bei booking.com; auf Google oder unserer Facebook-Seite&#8230;<\/p>\n<p>Wir freuen uns, wenn auch Sie eine Bewertung nach Ihrem Aufenthalt bei uns schreiben w\u00fcrden! DANKE \ud83d\ude42<\/p>\n","protected":false},"excerpt":{"rendered":"<p>&#8230; lesen Sie hier einige Bewertungen, die G\u00e4ste auf unserer Booking.com Seite geschrieben haben&#8230; Top &#8211; empfehlenswert Sehr zuvorkommende Mitarbeiterin, hilfsbereit. Sehr sauber, neu renoviertes <\/p>\n<p><a href=\"http:\/\/stadthotel-buehnenhaus.com\/?page_id=18\" class=\"button2\">Mehr lesen &raquo;<\/a><\/p>\n","protected":false},"author":1,"featured_media":0,"parent":0,"menu_order":0,"comment_status":"closed","ping_status":"closed","template":"","meta":{"footnotes":""},"class_list":["post-18","page","type-page","status-publish","hentry"],"_links":{"self":[{"href":"http:\/\/stadthotel-buehnenhaus.com\/index.php?rest_route=\/wp\/v2\/pages\/18","targetHints":{"allow":["GET"]}}],"collection":[{"href":"http:\/\/stadthotel-buehnenhaus.com\/index.php?rest_route=\/wp\/v2\/pages"}],"about":[{"href":"http:\/\/stadthotel-buehnenhaus.com\/index.php?rest_route=\/wp\/v2\/types\/page"}],"author":[{"embeddable":true,"href":"http:\/\/stadthotel-buehnenhaus.com\/index.php?rest_route=\/wp\/v2\/users\/1"}],"replies":[{"embeddable":true,"href":"http:\/\/stadthotel-buehnenhaus.com\/index.php?rest_route=%2Fwp%2Fv2%2Fcomments&post=18"}],"version-history":[{"count":22,"href":"http:\/\/stadthotel-buehnenhaus.com\/index.php?rest_route=\/wp\/v2\/pages\/18\/revisions"}],"predecessor-version":[{"id":977,"href":"http:\/\/stadthotel-buehnenhaus.com\/index.php?rest_route=\/wp\/v2\/pages\/18\/revisions\/977"}],"wp:attachment":[{"href":"http:\/\/stadthotel-buehnenhaus.com\/index.php?rest_route=%2Fwp%2Fv2%2Fmedia&parent=18"}],"curies":[{"name":"wp","href":"https:\/\/api.w.org\/{rel}","templated":true}]}}