{"id":177,"date":"2015-11-03T14:35:10","date_gmt":"2015-11-03T14:35:10","guid":{"rendered":"http:\/\/www.stadthotel-buehnenhaus.com\/?page_id=177"},"modified":"2015-12-23T15:21:06","modified_gmt":"2015-12-23T15:21:06","slug":"niederrhein","status":"publish","type":"page","link":"http:\/\/stadthotel-buehnenhaus.com\/?page_id=177","title":{"rendered":"Niederrhein"},"content":{"rendered":"<p>Der Niederrhein ist die n\u00f6rdlichste am Rhein gelegene Gegend in Deutschland, die im Westen an die Niederlande grenzt und zum Regierungsbezirk D\u00fcsseldorf geh\u00f6rt. Kerngebiete des Niederrheins sind die Kreise Kleve, Wesel und Viersen sowie die Stadt Krefeld.<\/p>\n<p>Charakteristisch f\u00fcr die niederrheinische Landschaft sind die weiten Wiesen und Felder, durch die sich kleine Fl\u00fcsschen schl\u00e4ngeln, wie z.B. die Niers und die Fleuth. Mal knorrige Kopfweiden, mal Reihen von Pappeln s\u00e4umen das Ufer und laden den Betrachter ein, den Blick schweifen und die Seele baumeln zu lassen. Die regionale Gastronomie wartet mit Spezialit\u00e4ten des Niederrheins, z.B. Kr\u00fcstchen, S\u00fclze&#8230; auf Sie.<\/p>\n<p>Die flache Landschaft l\u00e4dt zu ausgedehnten Radtouren ein, bei denen erholungssuchende G\u00e4ste die Umgebung mit ihren attraktiven Zielen \u201eerfahren\u201c k\u00f6nnen.<\/p>\n<p>Wenn Sie mit Ihrem PKW den Niederrhein erkunden und eine kulturelle Kurzreise unternehmen m\u00f6chten, bieten sich die Herrensitze, kleinere Schl\u00f6sser und besonders das Schloss Moyland an. Im Schloss befindet sich das \u201eMuseum Schloss Moyland\u201c mit einer Gem\u00e4ldesammlung diverser Maler sowie Werken von Hugo Beuys.<\/p>\n<p>Auch in den benachbarten Niederlanden, in der Provinz Limburg, lassen sich reizvolle Ziele finden, die per Auto oder Rad schnell zu erreichen sind, z.B. die Stadt Arcen mit ihren Schlossg\u00e4rten und ihrem Thermalbad sowie dem historischen Marktplatz. In den Sommerferien findet mittwochs Abends auf dem Markt und in den Seitenstra\u00dfen der sog. \u201eSfeermark\u201c statt, ein Flohmarkt mit allerlei Waren, Kunstgewerbeartikeln und K\u00f6stlichkeiten aus Holland.<\/p>\n<p>Auch ein Besuch im Rosendorf Lottum ist lohnenswert. Mit einer kleinen F\u00e4hre setzen Sie zu Fu\u00df, mit dem Auto oder dem Fahrrad von Arcen \u00fcber auf die andere Maasseite. Von Lottum aus starten Sie Ihre Fahrt \u00fcber Land oder erkunden die sog. \u201eRosenroute\u201c.<\/p>\n","protected":false},"excerpt":{"rendered":"<p>Der Niederrhein ist die n\u00f6rdlichste am Rhein gelegene Gegend in Deutschland, die im Westen an die Niederlande grenzt und zum Regierungsbezirk D\u00fcsseldorf geh\u00f6rt. Kerngebiete des <\/p>\n<p><a href=\"http:\/\/stadthotel-buehnenhaus.com\/?page_id=177\" class=\"button2\">Mehr lesen &raquo;<\/a><\/p>\n","protected":false},"author":2,"featured_media":0,"parent":0,"menu_order":0,"comment_status":"closed","ping_status":"closed","template":"","meta":{"footnotes":""},"class_list":["post-177","page","type-page","status-publish","hentry"],"_links":{"self":[{"href":"http:\/\/stadthotel-buehnenhaus.com\/index.php?rest_route=\/wp\/v2\/pages\/177","targetHints":{"allow":["GET"]}}],"collection":[{"href":"http:\/\/stadthotel-buehnenhaus.com\/index.php?rest_route=\/wp\/v2\/pages"}],"about":[{"href":"http:\/\/stadthotel-buehnenhaus.com\/index.php?rest_route=\/wp\/v2\/types\/page"}],"author":[{"embeddable":true,"href":"http:\/\/stadthotel-buehnenhaus.com\/index.php?rest_route=\/wp\/v2\/users\/2"}],"replies":[{"embeddable":true,"href":"http:\/\/stadthotel-buehnenhaus.com\/index.php?rest_route=%2Fwp%2Fv2%2Fcomments&post=177"}],"version-history":[{"count":2,"href":"http:\/\/stadthotel-buehnenhaus.com\/index.php?rest_route=\/wp\/v2\/pages\/177\/revisions"}],"predecessor-version":[{"id":261,"href":"http:\/\/stadthotel-buehnenhaus.com\/index.php?rest_route=\/wp\/v2\/pages\/177\/revisions\/261"}],"wp:attachment":[{"href":"http:\/\/stadthotel-buehnenhaus.com\/index.php?rest_route=%2Fwp%2Fv2%2Fmedia&parent=177"}],"curies":[{"name":"wp","href":"https:\/\/api.w.org\/{rel}","templated":true}]}}