{"id":175,"date":"2015-11-03T14:34:52","date_gmt":"2015-11-03T14:34:52","guid":{"rendered":"http:\/\/www.stadthotel-buehnenhaus.com\/?page_id=175"},"modified":"2016-01-16T12:48:06","modified_gmt":"2016-01-16T12:48:06","slug":"kevelaer","status":"publish","type":"page","link":"http:\/\/stadthotel-buehnenhaus.com\/?page_id=175","title":{"rendered":"Umgebung"},"content":{"rendered":"<h1>Rund um Kevelaer<\/h1>\n<p>&nbsp;<\/p>\n<h3>Kevelaer:<\/h3>\n<p><span style=\"text-decoration: underline;\">Niederrheinisches Museum<\/span><\/p>\n<p>Mitten im Herzen Kevelaers liegt in sch\u00f6ner Umgebung das Niederrheinische Museum f\u00fcr Volkskunde und Kulturgeschichte. Es ist ein stadtbildpr\u00e4gender Geb\u00e4udekomplex, der mit \u00fcber 4500qm Ausstellungsfl\u00e4che einen der gr\u00f6\u00dften Museumsbauten am Niederrhein darstellt. In der Dauerausstellung werden das B\u00e4uerliche und B\u00fcrgerliche Wohnen dargestellt, eine Spielesammlung mit ca. 50.000 Ausstellungsst\u00fccken, eine Wachssammlung von Heinrich Bergs. Auch Haushaltsger\u00e4te aus Bronze, Kupfer, Messing, Eisen und Keramik sind einen Besuch wert oder m\u00f6chten Sie mehr \u00fcber die Wallfahrts- und Ortsgeschichte erfahren? Oder m\u00f6chten Sie gerne mal in ein historisches Klassenzimmer blicken? Dann sind Sie hier genau richtig.<\/p>\n<p><span style=\"text-decoration: underline;\">Gl\u00e4serne Hostienb\u00e4ckerei<\/span><\/p>\n<p>Erleben Sie die Faszination des Hostienbackens hautnah mit. Kommen Sie in die \u201eGl\u00e4serne Hostienb\u00e4ckerei\u201c und erfahren Sie alles \u00fcber die Bedeutung der Hostie, ihre Entstehung in der Hostienbackstube bis hin zu ihrer \u201eWandlung\u201c im Rahmen der Eucharistiefeier im Gottesdienst. Das Erlebnis des Hostienbackens f\u00fchrt Sie von einer Filmvorf\u00fchrung im eigenen Kinosaal zur Hostienproduktion bis hin zum Mitmachraum. Entspannen Sie im Caf\u00e9 Manna, wo Ihnen Getr\u00e4nke und Speisen gereicht werden.<\/p>\n<h3>Walbeck:<\/h3>\n<p><span style=\"text-decoration: underline;\">Steprather M\u00fchle<\/span><\/p>\n<p>Die Steprather M\u00fchle in Geldern-Walbeck ist die \u00e4lteste voll funktionierende Windm\u00fchle Deutschlands. Sie ist aus dem 16. Jahrhundert und wurde in den vergangenen Jahren vollst\u00e4ndig renoviert. W\u00e4hrend der \u00d6ffnungszeiten kann man unter fachkundiger F\u00fchrung die M\u00fchle besichtigen und in der angeschlossenen Probierstube Backwaren wie Brot und Kuchen verk\u00f6stigen, die mit selbst gemahlenem Mehl gebacken wurden.<\/p>\n<h3>Kalkar:<\/h3>\n<p><span style=\"text-decoration: underline;\">Wunderland Kalkar<\/span><\/p>\n<p>Kernie\u00b4s Wunderland ist aus dem ehemaligen Kernkraftwerk \u201eSchneller Br\u00fcter\u201c entstanden. Der Park verf\u00fcgt \u00fcber verschiedene Restaurants, gem\u00fctliche Kneipen, einen Familienpark und ein Outdoorzentrum \u201eAdventure Plaza\u201c<\/p>\n<p>Das Wunderland bietet f\u00fcr jede Gelegenheit ein passendes Arrangement mit perfektem Ambiente.<\/p>\n<p><span style=\"text-decoration: underline;\">Kalkarer M\u00fchle<\/span><\/p>\n<p>Seit 1996 beherbergt der M\u00fchlenturm wieder ein funktionsf\u00e4higes Mahlwerk im oberen Teil, einen Museumsbereich und einen Gro\u00dfteil der Gastronomie. Im ersten Stock, dem sogenannten 2. Boden befindet sich der Raum von Bruderschaften und Gilden der Stadt. Mit dem Brauhaus \u201eKalkarer M\u00fchle\u201c finden Sie ein Restaurant, das unter anderem viel Wert legt auf die gutb\u00fcrgerliche niederrheinische K\u00fcche, die durch kleine Raffinessen verfeinert wird.<\/p>\n<h3>Twisteden:<\/h3>\n<p><span style=\"text-decoration: underline;\">Irrland \u2013 Die Bauernhof- Erlebnisoase<\/span><\/p>\n<p>Das gro\u00dfe Labyrinth \u2013 eine gr\u00fcne Oase aus tausenden Bambus-, Lorbeer-, Palmen und Sonnenblumenpflanzen gilt es zu erobern. Irrland bietet Spiel-, Lern- und Tobeattraktionen mitten in der Natur und versteht sich als einen \u201ebiologisch abbaubaren Freizeitpark\u201c f\u00fcr die ganze Familie. F\u00fcr ungetr\u00fcbten Spa\u00df in und mit der Natur unbedingt robuste Kleidung, an warmen Tagen Badekleidung und Strandspielzeug mitbringen.<\/p>\n<h3>Oberhausen:<\/h3>\n<p><span style=\"text-decoration: underline;\">Centro<\/span><\/p>\n<p>Dieses Einkaufszentrum ist wohl das bekannteste und beliebteste seiner Art im Ruhgebiet. \u00dcber 200 Gesch\u00e4fte bieten so ziemlich alles an, was der Kunde w\u00fcnscht \u2013 von Kleidung \u00fcber Schmuck bis hin zu Einrichtung und Dekoration. Und nach dem Bummel kann man sich in der \u201aCoca-Cola-Oase\u2018 st\u00e4rken oder in einem der zahlreichen Restaurant auf der Promenade entspannen.<\/p>\n<p><span style=\"text-decoration: underline;\">Sea life<\/span><\/p>\n<p>Das \u201aSea Life Oberhause\u2018 zeigt die Faszination der heimischen Unterwasserwelt, wobei es \u00fcber 20.000 Meeresbewohner aus mehr als 100 verschiedenen Arten zu sehen gibt. Dabei reicht die Palette von Muscheln \u00fcber Seesterne und Seepferdchen sowie Rochen bis hin zu verschiedenen Haiarten. Ein besonderer H\u00f6hepunkt ist das 1,5 Millionen Liter fassende Atlantikbecken, durch das ein Unterwassertunnel aus Acrylglas f\u00fchrt. So kann der Besucher die Rochen aus n\u00e4chster N\u00e4he bewundern und den Haien direkt ins Auge schauen.<\/p>\n<p>Am Ende des Rundgangs wartet auf Kinder bis 11 Jahre noch das Piratenabenteuer-Spieleland.<\/p>\n<h3>Kleve:<\/h3>\n<p>Die Seele baumeln lassen und trotzdem den Puls beschleunigen? Das ist hier kein Widerspruch. Die gr\u00fcne Landschaft zwischen Kopfweiden und Kolken ist ideal, um etwas f\u00fcr sich und seinen K\u00f6rper zu tun: zu Fu\u00df, mit dem Rad oder mit der Draisine.<\/p>\n<p><span style=\"text-decoration: underline;\">Draisine-Fahren<\/span><\/p>\n<p>Erradeln Sie die niederrheinische Landschaft mit der Grenzland-Draisine. Zahlreiche Buchungen seit der Er\u00f6ffnung im Jahr 2008 sprechen f\u00fcr die Beliebtheit der touristischen Attraktion. Eine Fahrt mit der Draisine macht jeden Ausflug zu einem unvergesslichen Erlebnis. Wie auf einem Fahrrad treten Sie zwischen Kleve, Kranenburg und Groesbeek in die Pedale und rollen auf historischen Gleisen von Stadt zu Stadt. Dabei k\u00f6nnen Sie ungehindert die attraktive niederrheinische Landschaft genie\u00dfen, da das Lenken nicht n\u00f6tig ist.<\/p>\n<p>Den Spa\u00df auf den Schienen k\u00f6nnen Sie auf einer Fahrraddraisine f\u00fcr zwei bis vier Personen oder einer Clubdraisine f\u00fcr neun bis 14 Personen erradeln. Die Ausflugsg\u00e4ste k\u00f6nnen zwei unterschiedlichen Routen w\u00e4hlen: \u201eDie Ausgiebige\u201c f\u00fchrt \u00fcber eine ca. 10 km lange Strecke von Kranenburg nach Kleve oder umgekehrt.<\/p>\n<p><span style=\"text-decoration: underline;\">Tiergarten Kleve<\/span><\/p>\n<p>Spielen, kuscheln, aber auch lernen das kann man im Klever Tiergarten. \u00dcber 500 Tiere sind zu sehen, aber besonders am Herzen liegen den Organisatoren des Gartens die alten Haustierrassen. Neue \u201ewirtschaftlicher\u201c einsetzbare Rassen verdr\u00e4ngen diese robusten, widerstandsf\u00e4higen Tiere zunehmend, so dass diese vom Aussterben bedroht sind. Der Klever Tiergarten hat es sich daher zur zentralen Aufgabe gemacht, diese alten Haustierrassen in ihrer bunten Vielfalt und Sch\u00f6nheit zu zeigen und zu z\u00fcchten. Daher ist der Tiergarten ein Herdbuchzuchtbetrieb, der eng mit den Zuchtverb\u00e4nden zusammenarbeitet. Auch mehrere wilde Verwandte wie Wildschwein, Wildpferd und Bankivahuhn sind zu sehen.<\/p>\n<p>Die breite Palette alter heimischer Nutztierrassen wird abgerundet durch verschiedene europ\u00e4ische und internationale Haustierrassen. So sieht man die beliebten Schnucken und Bunten Bentheimer Landschafe, die Deutschlands Norden mit seinen Heidelandschaften repr\u00e4sentieren; aus Deutschlands Osten stammen die Th\u00fcringerwald-Ziegen. Die Vertreter der Mittelgebirge schlie\u00dflich sind die Coburger Fuchsschafe und die Rh\u00f6nschafe.<\/p>\n<p><span style=\"text-decoration: underline;\">Stadtf\u00fchrung durch Kleve<\/span><\/p>\n<p>Lernen Sie Kleve mit einem fachkundigen Stadtf\u00fchrer kennen und nutzen Sie das vielf\u00e4ltige Angebot an Stadt- und Themenf\u00fchrungen. Eine allgemeine Stadtf\u00fchrung, eine F\u00fchrung durch die Schwanenburg oder durch die Klever G\u00e4rten als \u00dcberblick oder eine Themenf\u00fchrung wie etwa \u201eKleve im Mittelalter\u201c, \u201eJoseph Beuys\u201c oder \u201eDie dunkle Seite von Kleve\u201c \u2013 f\u00fcr jeden ist etwas dabei.<\/p>\n<p>Gruppen k\u00f6nnen allgemeine Stadtf\u00fchrungen sowie einige Themenf\u00fchrungen in Deutsch, Niederl\u00e4ndisch, Englisch, Franz\u00f6sisch und in Geb\u00e4rdensprache flexibel buchen.<\/p>\n<p>Die F\u00fchrungen k\u00f6nnen zu Fu\u00df, mit dem Bus oder mit dem Fahrrad stattfinden.<\/p>\n<h3>Emmerich:<\/h3>\n<p><span style=\"text-decoration: underline;\">Stadtf\u00fchrung durch Emmerich<\/span><\/p>\n<p>Die Hansestadt Emmerich am Rhein l\u00e4dt Sie ein zu einem interessanten und gem\u00fctlichen Bummel entlang der sch\u00f6nsten Rheinpromenade des Niederrheins. Sie werden gef\u00fchrt durch die Innenstadt mit ihren Kirchen und historischen Geb\u00e4uden. Die gastronomische Meile mit vielen Caf\u00e9s und Restaurants an der Promenade, die Skulpturen und der Blick auf die l\u00e4ngste H\u00e4ngebr\u00fccke Deutschlands werden Sie begeistern! Hier wird Stadtgeschichte lebendig!<\/p>\n<p><span style=\"text-decoration: underline;\">Rheinmuseum<\/span><\/p>\n<p>Das Rheinmuseum Emmerich stellt die Entwicklung der Rheinschifffahrt und die Verbindung der Stadt zum Rhein aus.<\/p>\n<p>An Hand von mehr als 140 Modellen, vom Einbaum bis zum Schubverband, wird diese Entwicklung dokumentiert. Neben vielen Fotodokumentationen \u00fcber das Leben und Arbeiten am Rhein, erg\u00e4nzen Schiffsteile vom Anker bis zum Seitenschwert, Ausr\u00fcstungsger\u00e4te und Schiffsglocken das umfangreiche Museumsgut. Au\u00dferdem beherbergt das Museum ein Ein-Mann-U-Boot des Typs \u201eBiber&#8220; aus dem Zweiten Weltkrieg, das auf dem Freigel\u00e4nde neben vielen weiteren schifffahrtstypischen Dingen gezeigt wird.<\/p>\n<p>Zwei funktionst\u00fcchtige Radaranlagen und nautisches Ger\u00e4t geben einen Einblick in die Arbeit der Schiffer. In wie weit das Leben der Einwohner und ebenso die Geschichte der Stadt Emmerich am Rhein durch die Lage am Strom beeinflusst wurden zeigt eine gesonderte Abteilung.<\/p>\n<p><span style=\"text-decoration: underline;\">Museum f\u00fcr Kaffeetechnik<\/span><\/p>\n<p>In der mehr als einhundertvierzigj\u00e4hrigen Firmengeschichte hat die Firma Probat die Kultivierung des Kaffees begleitet und mit gepr\u00e4gt. Das bezeugt das Museum f\u00fcr Kaffeetechnik.<\/p>\n<p>Historische R\u00f6stmaschinen aus eigener und fremder Produktion zeigen die Entwicklung der R\u00f6sttechnik und sind Beweise f\u00fcr die bestm\u00f6gliche Kaffeeveredelung.<\/p>\n<p>Kugelr\u00f6ster der ersten Generation z\u00e4hlen zu den augenf\u00e4lligsten Museumsst\u00fccken des Kaffeer\u00f6stmuseums. Im Hauptraum des mehr als 600 Quadratmeter gro\u00dfen Museumstraktes und auf dem Freigel\u00e4nde sind zirka 1000 historische Ausstellungsst\u00fccke zu sehen, darunter R\u00f6stmaschinen aus dem Inland und aus dem Ausland.<\/p>\n<p>Sie zeigen die Entwicklung vom Kugelr\u00f6ster \u00fcber den patentierten Emmericher Schnellr\u00f6ster bis zu vollautomatischen R\u00f6stanlagen aus der ersten H\u00e4lfte des 20. Jahrhunderts.<\/p>\n<p>Dr\u00fcber hinaus zeigt das Museum eine Sammlung von mehr als 560 Haushaltsm\u00fchlen und gewerblichen Kaffeem\u00fchlen, sowie eine Ladeneinrichtung, wie sie etwa um 1900 zahlreich zu finden war.<\/p>\n","protected":false},"excerpt":{"rendered":"<p>Rund um Kevelaer &nbsp; Kevelaer: Niederrheinisches Museum Mitten im Herzen Kevelaers liegt in sch\u00f6ner Umgebung das Niederrheinische Museum f\u00fcr Volkskunde und Kulturgeschichte. Es ist ein <\/p>\n<p><a href=\"http:\/\/stadthotel-buehnenhaus.com\/?page_id=175\" class=\"button2\">Mehr lesen &raquo;<\/a><\/p>\n","protected":false},"author":2,"featured_media":0,"parent":0,"menu_order":0,"comment_status":"closed","ping_status":"closed","template":"","meta":{"footnotes":""},"class_list":["post-175","page","type-page","status-publish","hentry"],"_links":{"self":[{"href":"http:\/\/stadthotel-buehnenhaus.com\/index.php?rest_route=\/wp\/v2\/pages\/175","targetHints":{"allow":["GET"]}}],"collection":[{"href":"http:\/\/stadthotel-buehnenhaus.com\/index.php?rest_route=\/wp\/v2\/pages"}],"about":[{"href":"http:\/\/stadthotel-buehnenhaus.com\/index.php?rest_route=\/wp\/v2\/types\/page"}],"author":[{"embeddable":true,"href":"http:\/\/stadthotel-buehnenhaus.com\/index.php?rest_route=\/wp\/v2\/users\/2"}],"replies":[{"embeddable":true,"href":"http:\/\/stadthotel-buehnenhaus.com\/index.php?rest_route=%2Fwp%2Fv2%2Fcomments&post=175"}],"version-history":[{"count":6,"href":"http:\/\/stadthotel-buehnenhaus.com\/index.php?rest_route=\/wp\/v2\/pages\/175\/revisions"}],"predecessor-version":[{"id":301,"href":"http:\/\/stadthotel-buehnenhaus.com\/index.php?rest_route=\/wp\/v2\/pages\/175\/revisions\/301"}],"wp:attachment":[{"href":"http:\/\/stadthotel-buehnenhaus.com\/index.php?rest_route=%2Fwp%2Fv2%2Fmedia&parent=175"}],"curies":[{"name":"wp","href":"https:\/\/api.w.org\/{rel}","templated":true}]}}