{"id":14,"date":"2015-09-17T06:11:03","date_gmt":"2015-09-17T06:11:03","guid":{"rendered":"http:\/\/www.stadthotel-buehnenhaus.com\/?page_id=14"},"modified":"2015-12-14T13:39:01","modified_gmt":"2015-12-14T13:39:01","slug":"umgebung","status":"publish","type":"page","link":"http:\/\/stadthotel-buehnenhaus.com\/?page_id=14","title":{"rendered":"Kevelaer"},"content":{"rendered":"<p>Eingebettet in die typisch niederrheinische Landschaft mit weiten Feldern, Gr\u00fcnfl\u00e4chen und W\u00e4ldern zwischen Rhein und Maas, ca. 35 km nordwestlich von Krefeld, liegt die idyllische Kleinstadt Kevelaer mit ihren ca. 28.000 Einwohnern (inkl. Ortschaften).<\/p>\n<p>Seit \u00fcber 375 Jahren pr\u00e4gt die Marienwallfahrt das Stadtbild. Die Gnadenkapelle mit dem Bild der Schutzmantelmadonna ist weit \u00fcber die Landesgrenzen hinaus bekannt. Jedes Jahr pilgern Tausende von Gl\u00e4ubigen aus dem In- und Ausland zur \u201eTr\u00f6sterin der Betr\u00fcbten\u201c.<\/p>\n<p><a href=\"http:\/\/www.stadthotel-buehnenhaus.com\/wp-content\/uploads\/2015\/09\/Kevelaer_Gnadenkapelle_Basilika.jpg\"><img decoding=\"async\" class=\"size-medium wp-image-86 alignleft\" src=\"http:\/\/www.stadthotel-buehnenhaus.com\/wp-content\/uploads\/2015\/09\/Kevelaer_Gnadenkapelle_Basilika-300x225.jpg\" alt=\"Kevelaer_Gnadenkapelle_Basilika\" \/><\/a><\/p>\n<p>Dar\u00fcber hinaus hat sich Kevelaer in den letzten 20 Jahren zu einem attraktiven Anziehungspunkt f\u00fcr Tagestouristen entwickelt. Die Besucher sch\u00e4tzen das \u00fcberschaubare Stadtbild mit seinen gepflegten Fassaden und kleineren Gesch\u00e4ften, in denen u.a. hochwertiges Kunstgewerbe angeboten wird. Das besondere Flair des \u201eUnverwechselbar Kevelaer\u201c lockt auch Besucher aus gr\u00f6\u00dferen St\u00e4dten der weiteren Umgebung an.<\/p>\n<p>Von Kevelaer aus bieten sich Ausfl\u00fcge in die n\u00e4here Umgebung an, z.B. das direkt an der Maas gelegene h\u00fcbsche niederl\u00e4ndische St\u00e4dtchen Arcen mit seinen attraktiven Schlossg\u00e4rten oder die alte R\u00f6merstadt Xanten am Rhein.<\/p>\n<p>W\u00fcnschen Sie einen Wellnesstag, so bietet Ihnen z.B. das Badzentrum \u201eGoch-Ness\u201c die M\u00f6glichkeit, einen Bade- und Saunatag mit Massage zu verbringen. Alternativ steht das Thermalbad in Arcen zur Verf\u00fcgung.<\/p>\n<p>Weitere sch\u00f6ne Ziele, besonders auch f\u00fcr Familien und Kinder, das Pflanzenlabyrinth \u201eIrrland\u201c in Kevelaer-Twisteden oder der dortige Traberpark. Auch Besuche von Schloss Moyland, dem alten St\u00e4dtchen Kalkar mit der Kalkarer M\u00fchle, eine Hafenrundfahrt oder ein Zoobesuch in Duisburg sind lohnenswert.<\/p>\n<p>\u00dcber diesen kurzen Einblick hinaus finden Sie weiter reichende Informationen im Internet.<\/p>\n","protected":false},"excerpt":{"rendered":"<p>Eingebettet in die typisch niederrheinische Landschaft mit weiten Feldern, Gr\u00fcnfl\u00e4chen und W\u00e4ldern zwischen Rhein und Maas, ca. 35 km nordwestlich von Krefeld, liegt die idyllische <\/p>\n<p><a href=\"http:\/\/stadthotel-buehnenhaus.com\/?page_id=14\" class=\"button2\">Mehr lesen &raquo;<\/a><\/p>\n","protected":false},"author":1,"featured_media":0,"parent":0,"menu_order":0,"comment_status":"closed","ping_status":"closed","template":"","meta":{"footnotes":""},"class_list":["post-14","page","type-page","status-publish","hentry"],"_links":{"self":[{"href":"http:\/\/stadthotel-buehnenhaus.com\/index.php?rest_route=\/wp\/v2\/pages\/14","targetHints":{"allow":["GET"]}}],"collection":[{"href":"http:\/\/stadthotel-buehnenhaus.com\/index.php?rest_route=\/wp\/v2\/pages"}],"about":[{"href":"http:\/\/stadthotel-buehnenhaus.com\/index.php?rest_route=\/wp\/v2\/types\/page"}],"author":[{"embeddable":true,"href":"http:\/\/stadthotel-buehnenhaus.com\/index.php?rest_route=\/wp\/v2\/users\/1"}],"replies":[{"embeddable":true,"href":"http:\/\/stadthotel-buehnenhaus.com\/index.php?rest_route=%2Fwp%2Fv2%2Fcomments&post=14"}],"version-history":[{"count":3,"href":"http:\/\/stadthotel-buehnenhaus.com\/index.php?rest_route=\/wp\/v2\/pages\/14\/revisions"}],"predecessor-version":[{"id":257,"href":"http:\/\/stadthotel-buehnenhaus.com\/index.php?rest_route=\/wp\/v2\/pages\/14\/revisions\/257"}],"wp:attachment":[{"href":"http:\/\/stadthotel-buehnenhaus.com\/index.php?rest_route=%2Fwp%2Fv2%2Fmedia&parent=14"}],"curies":[{"name":"wp","href":"https:\/\/api.w.org\/{rel}","templated":true}]}}